{"id":6,"date":"2007-08-23T14:34:26","date_gmt":"2007-08-23T17:34:26","guid":{"rendered":"http:\/\/www.viamais.net\/blog\/?page_id=6"},"modified":"2008-01-20T10:49:34","modified_gmt":"2008-01-20T12:49:34","slug":"about","status":"publish","type":"page","link":"https:\/\/www.viamais.net\/blog\/about\/","title":{"rendered":"Sobre o Viablog"},"content":{"rendered":"<p>Esse blog vai falar sobre nossas ferramentas de desenvolvimento e de apoio a outros desenvolvedores e a intera\u00e7\u00e3o com nossos clientes, al\u00e9m\u00a0\u00e9 claro de trazer muita informa\u00e7\u00e3o sobre tecnologia, hardware e software.<\/p>\n<p>Vamos abordar a tecnologia de uma forma diferente e n\u00e3o apenas defender a tecnologia pela tecnologia, pois uma atualiza\u00e7\u00e3o tecnol\u00f3gica s\u00f3 tem sentido se for para trazer uma melhoria nos servi\u00e7os atuais ou ainda para implantar novos servi\u00e7os.<\/p>\n","protected":false},"excerpt":{"rendered":"<p>Esse blog vai falar sobre nossas ferramentas de desenvolvimento e de apoio a outros desenvolvedores<\/p>\n","protected":false},"author":8,"featured_media":0,"parent":0,"menu_order":0,"comment_status":"closed","ping_status":"open","template":"","meta":{"jetpack_post_was_ever_published":false,"footnotes":""},"class_list":["post-6","page","type-page","status-publish","hentry"],"yoast_head":"<!-- This site is optimized with the Yoast SEO plugin v27.4 - https:\/\/yoast.com\/product\/yoast-seo-wordpress\/ -->\n<title>Sobre o Viablog-<\/title>\n<meta name=\"robots\" content=\"index, follow, max-snippet:-1, max-image-preview:large, max-video-preview:-1\" \/>\n<link rel=\"canonical\" href=\"https:\/\/www.viamais.net\/blog\/about\/\" \/>\n<meta property=\"og:locale\" content=\"pt_BR\" \/>\n<meta property=\"og:type\" content=\"article\" \/>\n<meta property=\"og:title\" content=\"Sobre o Viablog-\" \/>\n<meta property=\"og:description\" content=\"Esse blog vai falar sobre nossas ferramentas de desenvolvimento e de apoio a outros desenvolvedores\" \/>\n<meta property=\"og:url\" content=\"https:\/\/www.viamais.net\/blog\/about\/\" \/>\n<meta property=\"og:site_name\" content=\"ViamaisBLOG\" \/>\n<meta property=\"article:publisher\" content=\"https:\/\/www.facebook.com\/viamais.viablog\" \/>\n<meta property=\"article:modified_time\" content=\"2008-01-20T12:49:34+00:00\" \/>\n<meta name=\"twitter:card\" content=\"summary_large_image\" \/>\n<meta name=\"twitter:site\" content=\"@petterrafael\" \/>\n<script type=\"application\/ld+json\" class=\"yoast-schema-graph\">{\"@context\":\"https:\\\/\\\/schema.org\",\"@graph\":[{\"@type\":\"WebPage\",\"@id\":\"https:\\\/\\\/www.viamais.net\\\/blog\\\/about\\\/\",\"url\":\"https:\\\/\\\/www.viamais.net\\\/blog\\\/about\\\/\",\"name\":\"Sobre o Viablog-\",\"isPartOf\":{\"@id\":\"https:\\\/\\\/www.viamais.net\\\/blog\\\/#website\"},\"datePublished\":\"2007-08-23T17:34:26+00:00\",\"dateModified\":\"2008-01-20T12:49:34+00:00\",\"breadcrumb\":{\"@id\":\"https:\\\/\\\/www.viamais.net\\\/blog\\\/about\\\/#breadcrumb\"},\"inLanguage\":\"pt-BR\",\"potentialAction\":[{\"@type\":\"ReadAction\",\"target\":[\"https:\\\/\\\/www.viamais.net\\\/blog\\\/about\\\/\"]}]},{\"@type\":\"BreadcrumbList\",\"@id\":\"https:\\\/\\\/www.viamais.net\\\/blog\\\/about\\\/#breadcrumb\",\"itemListElement\":[{\"@type\":\"ListItem\",\"position\":1,\"name\":\"In\u00edcio\",\"item\":\"https:\\\/\\\/www.viamais.net\\\/blog\\\/\"},{\"@type\":\"ListItem\",\"position\":2,\"name\":\"Sobre o Viablog\"}]},{\"@type\":\"WebSite\",\"@id\":\"https:\\\/\\\/www.viamais.net\\\/blog\\\/#website\",\"url\":\"https:\\\/\\\/www.viamais.net\\\/blog\\\/\",\"name\":\"ViamaisBLOG\",\"description\":\"Blog de tecnologia com dicas para melhorar sua internet e as novidades de gadgets e aplicativos.\",\"publisher\":{\"@id\":\"https:\\\/\\\/www.viamais.net\\\/blog\\\/#organization\"},\"potentialAction\":[{\"@type\":\"SearchAction\",\"target\":{\"@type\":\"EntryPoint\",\"urlTemplate\":\"https:\\\/\\\/www.viamais.net\\\/blog\\\/?s={search_term_string}\"},\"query-input\":{\"@type\":\"PropertyValueSpecification\",\"valueRequired\":true,\"valueName\":\"search_term_string\"}}],\"inLanguage\":\"pt-BR\"},{\"@type\":\"Organization\",\"@id\":\"https:\\\/\\\/www.viamais.net\\\/blog\\\/#organization\",\"name\":\"Viablog\",\"url\":\"https:\\\/\\\/www.viamais.net\\\/blog\\\/\",\"logo\":{\"@type\":\"ImageObject\",\"inLanguage\":\"pt-BR\",\"@id\":\"https:\\\/\\\/www.viamais.net\\\/blog\\\/#\\\/schema\\\/logo\\\/image\\\/\",\"url\":\"https:\\\/\\\/i0.wp.com\\\/www.viamais.net\\\/blog\\\/wp-content\\\/uploads\\\/2014\\\/10\\\/logo_viamais.png?fit=150%2C150&ssl=1\",\"contentUrl\":\"https:\\\/\\\/i0.wp.com\\\/www.viamais.net\\\/blog\\\/wp-content\\\/uploads\\\/2014\\\/10\\\/logo_viamais.png?fit=150%2C150&ssl=1\",\"width\":150,\"height\":150,\"caption\":\"Viablog\"},\"image\":{\"@id\":\"https:\\\/\\\/www.viamais.net\\\/blog\\\/#\\\/schema\\\/logo\\\/image\\\/\"},\"sameAs\":[\"https:\\\/\\\/www.facebook.com\\\/viamais.viablog\",\"https:\\\/\\\/x.com\\\/petterrafael\"]}]}<\/script>\n<!-- \/ Yoast SEO plugin. -->","yoast_head_json":{"title":"Sobre o Viablog-","robots":{"index":"index","follow":"follow","max-snippet":"max-snippet:-1","max-image-preview":"max-image-preview:large","max-video-preview":"max-video-preview:-1"},"canonical":"https:\/\/www.viamais.net\/blog\/about\/","og_locale":"pt_BR","og_type":"article","og_title":"Sobre o Viablog-","og_description":"Esse blog vai falar sobre nossas ferramentas de desenvolvimento e de apoio a outros desenvolvedores","og_url":"https:\/\/www.viamais.net\/blog\/about\/","og_site_name":"ViamaisBLOG","article_publisher":"https:\/\/www.facebook.com\/viamais.viablog","article_modified_time":"2008-01-20T12:49:34+00:00","twitter_card":"summary_large_image","twitter_site":"@petterrafael","schema":{"@context":"https:\/\/schema.org","@graph":[{"@type":"WebPage","@id":"https:\/\/www.viamais.net\/blog\/about\/","url":"https:\/\/www.viamais.net\/blog\/about\/","name":"Sobre o Viablog-","isPartOf":{"@id":"https:\/\/www.viamais.net\/blog\/#website"},"datePublished":"2007-08-23T17:34:26+00:00","dateModified":"2008-01-20T12:49:34+00:00","breadcrumb":{"@id":"https:\/\/www.viamais.net\/blog\/about\/#breadcrumb"},"inLanguage":"pt-BR","potentialAction":[{"@type":"ReadAction","target":["https:\/\/www.viamais.net\/blog\/about\/"]}]},{"@type":"BreadcrumbList","@id":"https:\/\/www.viamais.net\/blog\/about\/#breadcrumb","itemListElement":[{"@type":"ListItem","position":1,"name":"In\u00edcio","item":"https:\/\/www.viamais.net\/blog\/"},{"@type":"ListItem","position":2,"name":"Sobre o Viablog"}]},{"@type":"WebSite","@id":"https:\/\/www.viamais.net\/blog\/#website","url":"https:\/\/www.viamais.net\/blog\/","name":"ViamaisBLOG","description":"Blog de tecnologia com dicas para melhorar sua internet e as novidades de gadgets e aplicativos.","publisher":{"@id":"https:\/\/www.viamais.net\/blog\/#organization"},"potentialAction":[{"@type":"SearchAction","target":{"@type":"EntryPoint","urlTemplate":"https:\/\/www.viamais.net\/blog\/?s={search_term_string}"},"query-input":{"@type":"PropertyValueSpecification","valueRequired":true,"valueName":"search_term_string"}}],"inLanguage":"pt-BR"},{"@type":"Organization","@id":"https:\/\/www.viamais.net\/blog\/#organization","name":"Viablog","url":"https:\/\/www.viamais.net\/blog\/","logo":{"@type":"ImageObject","inLanguage":"pt-BR","@id":"https:\/\/www.viamais.net\/blog\/#\/schema\/logo\/image\/","url":"https:\/\/i0.wp.com\/www.viamais.net\/blog\/wp-content\/uploads\/2014\/10\/logo_viamais.png?fit=150%2C150&ssl=1","contentUrl":"https:\/\/i0.wp.com\/www.viamais.net\/blog\/wp-content\/uploads\/2014\/10\/logo_viamais.png?fit=150%2C150&ssl=1","width":150,"height":150,"caption":"Viablog"},"image":{"@id":"https:\/\/www.viamais.net\/blog\/#\/schema\/logo\/image\/"},"sameAs":["https:\/\/www.facebook.com\/viamais.viablog","https:\/\/x.com\/petterrafael"]}]}},"jetpack_shortlink":"https:\/\/wp.me\/P5Ih4c-6","jetpack-related-posts":[{"id":223,"url":"https:\/\/www.viamais.net\/blog\/central-de-downloads\/driver-mysql\/","url_meta":{"origin":6,"position":0},"title":"Driver MySQL","author":"matrix","date":"03\/04\/2008","format":false,"excerpt":"Driver de conex\u00e3o fornecido pela pr\u00f3pria MYSQL AB, \u00e9 fundamental a sua utiliza\u00e7\u00e3o para o correto funcionamento do framework DBConect. Download. O link para download \u00e9 da pr\u00f3pria MySQL.","rel":"","context":"Em &quot;Tecnologia&quot;","block_context":{"text":"Tecnologia","link":"https:\/\/www.viamais.net\/blog\/category\/tecnologia\/"},"img":{"alt_text":"","src":"","width":0,"height":0},"classes":[]}],"jetpack_sharing_enabled":true,"jetpack_likes_enabled":false,"_links":{"self":[{"href":"https:\/\/www.viamais.net\/blog\/wp-json\/wp\/v2\/pages\/6","targetHints":{"allow":["GET"]}}],"collection":[{"href":"https:\/\/www.viamais.net\/blog\/wp-json\/wp\/v2\/pages"}],"about":[{"href":"https:\/\/www.viamais.net\/blog\/wp-json\/wp\/v2\/types\/page"}],"author":[{"embeddable":true,"href":"https:\/\/www.viamais.net\/blog\/wp-json\/wp\/v2\/users\/8"}],"replies":[{"embeddable":true,"href":"https:\/\/www.viamais.net\/blog\/wp-json\/wp\/v2\/comments?post=6"}],"version-history":[{"count":1,"href":"https:\/\/www.viamais.net\/blog\/wp-json\/wp\/v2\/pages\/6\/revisions"}],"predecessor-version":[{"id":11898,"href":"https:\/\/www.viamais.net\/blog\/wp-json\/wp\/v2\/pages\/6\/revisions\/11898"}],"wp:attachment":[{"href":"https:\/\/www.viamais.net\/blog\/wp-json\/wp\/v2\/media?parent=6"}],"curies":[{"name":"wp","href":"https:\/\/api.w.org\/{rel}","templated":true}]}}