{"id":160,"date":"2007-12-23T09:34:20","date_gmt":"2007-12-23T12:34:20","guid":{"rendered":"http:\/\/www.viamais.net\/blog\/?page_id=160"},"modified":"2008-12-01T12:36:50","modified_gmt":"2008-12-01T15:36:50","slug":"livro-programacao-segura-utilizando-php","status":"publish","type":"page","link":"https:\/\/www.viamais.net\/blog\/livro-programacao-segura-utilizando-php\/","title":{"rendered":"Livro"},"content":{"rendered":"<p>\u00c9 de conhecimento geral que um <strong>software<\/strong> mal projetado ou mal desenvolvido gera como resultado muitos bug\u00b4s e situa\u00e7\u00f5es n\u00e3o previstas e isso ocorre n\u00e3o somente no desenvolvimento <em>desktop<\/em> &#8211; local &#8211; tamb\u00e9m ocorre com muita freq\u00fc\u00eancia na <strong>Internet<\/strong>. Por\u00e9m um <strong>software<\/strong> na <strong>Internet<\/strong> tamb\u00e9m est\u00e1 sujeito a outro tipo de mal, por ele estar acima da camada de seguran\u00e7a da rede e servidor, ele pode ser explorado por algum atacante e se n\u00e3o estiver preparado para reagir a tal incidente pode garantir acesso aos arquivos do servidor, a base de dados ou em pior situa\u00e7\u00e3o acesso aos arquivos de todo o sistema de arquivos &#8211; Sistema Operacional &#8211; e tudo isso\u00a0\u00e9 feito sem afetar qualquer tipo de regra de <strong>seguran\u00e7a<\/strong> da rede.<\/p>\n<p>O perigo\u00a0\u00e9 tanto que muitos servidores j\u00e1 ficaram longos per\u00ed\u00adodos fora de opera\u00e7\u00e3o por isso, e para empresas que necessitam da receita gerada pelo seu sistema on-line isso\u00a0\u00e9 um problema s\u00e9rio e que precisa ser tratado e resolvido.\u00a0\u00c9 com base nessa premissa lan\u00e7amos um livro com t\u00e9cnicas de como desenvolver com seguran\u00e7a, assim seu <strong>software<\/strong> estar\u00e1 preparado para gerir e at\u00e9 mesmo repelir diversos tipos de ataques. Ent\u00e3o para melhorar a capacita\u00e7\u00e3o t\u00e9cnica de sua equipe de desenvolvimento, <a href=\"http:\/\/www.lcm.com.br\/index.php?Escolha=20&amp;Livro=L00551\" target=\"_blank\">entre aqui<\/a> e compre direto com a editora e deixe seu software on-line 24 horas por dia, 7 dias por semana sem problemas.<\/p>\n","protected":false},"excerpt":{"rendered":"<p>\u00c9 de conhecimento geral que um software mal projetado ou mal desenvolvido gera como resultado<\/p>\n","protected":false},"author":8,"featured_media":0,"parent":0,"menu_order":0,"comment_status":"closed","ping_status":"open","template":"","meta":{"jetpack_post_was_ever_published":false,"footnotes":""},"class_list":["post-160","page","type-page","status-publish","hentry"],"yoast_head":"<!-- This site is optimized with the Yoast SEO plugin v27.4 - https:\/\/yoast.com\/product\/yoast-seo-wordpress\/ -->\n<title>Livro-<\/title>\n<meta name=\"robots\" content=\"index, follow, max-snippet:-1, max-image-preview:large, max-video-preview:-1\" \/>\n<link rel=\"canonical\" href=\"https:\/\/www.viamais.net\/blog\/livro-programacao-segura-utilizando-php\/\" \/>\n<meta property=\"og:locale\" content=\"pt_BR\" \/>\n<meta property=\"og:type\" content=\"article\" \/>\n<meta property=\"og:title\" content=\"Livro-\" \/>\n<meta property=\"og:description\" content=\"\u00c9 de conhecimento geral que um software mal projetado ou mal desenvolvido gera como resultado\" \/>\n<meta property=\"og:url\" content=\"https:\/\/www.viamais.net\/blog\/livro-programacao-segura-utilizando-php\/\" \/>\n<meta property=\"og:site_name\" content=\"ViamaisBLOG\" \/>\n<meta property=\"article:publisher\" content=\"https:\/\/www.facebook.com\/viamais.viablog\" \/>\n<meta property=\"article:modified_time\" content=\"2008-12-01T15:36:50+00:00\" \/>\n<meta name=\"twitter:card\" content=\"summary_large_image\" \/>\n<meta name=\"twitter:site\" content=\"@petterrafael\" \/>\n<meta name=\"twitter:label1\" content=\"Est. tempo de leitura\" \/>\n\t<meta name=\"twitter:data1\" content=\"1 minuto\" \/>\n<script type=\"application\/ld+json\" class=\"yoast-schema-graph\">{\"@context\":\"https:\\\/\\\/schema.org\",\"@graph\":[{\"@type\":\"WebPage\",\"@id\":\"https:\\\/\\\/www.viamais.net\\\/blog\\\/livro-programacao-segura-utilizando-php\\\/\",\"url\":\"https:\\\/\\\/www.viamais.net\\\/blog\\\/livro-programacao-segura-utilizando-php\\\/\",\"name\":\"Livro-\",\"isPartOf\":{\"@id\":\"https:\\\/\\\/www.viamais.net\\\/blog\\\/#website\"},\"datePublished\":\"2007-12-23T12:34:20+00:00\",\"dateModified\":\"2008-12-01T15:36:50+00:00\",\"breadcrumb\":{\"@id\":\"https:\\\/\\\/www.viamais.net\\\/blog\\\/livro-programacao-segura-utilizando-php\\\/#breadcrumb\"},\"inLanguage\":\"pt-BR\",\"potentialAction\":[{\"@type\":\"ReadAction\",\"target\":[\"https:\\\/\\\/www.viamais.net\\\/blog\\\/livro-programacao-segura-utilizando-php\\\/\"]}]},{\"@type\":\"BreadcrumbList\",\"@id\":\"https:\\\/\\\/www.viamais.net\\\/blog\\\/livro-programacao-segura-utilizando-php\\\/#breadcrumb\",\"itemListElement\":[{\"@type\":\"ListItem\",\"position\":1,\"name\":\"In\u00edcio\",\"item\":\"https:\\\/\\\/www.viamais.net\\\/blog\\\/\"},{\"@type\":\"ListItem\",\"position\":2,\"name\":\"Livro\"}]},{\"@type\":\"WebSite\",\"@id\":\"https:\\\/\\\/www.viamais.net\\\/blog\\\/#website\",\"url\":\"https:\\\/\\\/www.viamais.net\\\/blog\\\/\",\"name\":\"ViamaisBLOG\",\"description\":\"Blog de tecnologia com dicas para melhorar sua internet e as novidades de gadgets e aplicativos.\",\"publisher\":{\"@id\":\"https:\\\/\\\/www.viamais.net\\\/blog\\\/#organization\"},\"potentialAction\":[{\"@type\":\"SearchAction\",\"target\":{\"@type\":\"EntryPoint\",\"urlTemplate\":\"https:\\\/\\\/www.viamais.net\\\/blog\\\/?s={search_term_string}\"},\"query-input\":{\"@type\":\"PropertyValueSpecification\",\"valueRequired\":true,\"valueName\":\"search_term_string\"}}],\"inLanguage\":\"pt-BR\"},{\"@type\":\"Organization\",\"@id\":\"https:\\\/\\\/www.viamais.net\\\/blog\\\/#organization\",\"name\":\"Viablog\",\"url\":\"https:\\\/\\\/www.viamais.net\\\/blog\\\/\",\"logo\":{\"@type\":\"ImageObject\",\"inLanguage\":\"pt-BR\",\"@id\":\"https:\\\/\\\/www.viamais.net\\\/blog\\\/#\\\/schema\\\/logo\\\/image\\\/\",\"url\":\"https:\\\/\\\/i0.wp.com\\\/www.viamais.net\\\/blog\\\/wp-content\\\/uploads\\\/2014\\\/10\\\/logo_viamais.png?fit=150%2C150&ssl=1\",\"contentUrl\":\"https:\\\/\\\/i0.wp.com\\\/www.viamais.net\\\/blog\\\/wp-content\\\/uploads\\\/2014\\\/10\\\/logo_viamais.png?fit=150%2C150&ssl=1\",\"width\":150,\"height\":150,\"caption\":\"Viablog\"},\"image\":{\"@id\":\"https:\\\/\\\/www.viamais.net\\\/blog\\\/#\\\/schema\\\/logo\\\/image\\\/\"},\"sameAs\":[\"https:\\\/\\\/www.facebook.com\\\/viamais.viablog\",\"https:\\\/\\\/x.com\\\/petterrafael\"]}]}<\/script>\n<!-- \/ Yoast SEO plugin. -->","yoast_head_json":{"title":"Livro-","robots":{"index":"index","follow":"follow","max-snippet":"max-snippet:-1","max-image-preview":"max-image-preview:large","max-video-preview":"max-video-preview:-1"},"canonical":"https:\/\/www.viamais.net\/blog\/livro-programacao-segura-utilizando-php\/","og_locale":"pt_BR","og_type":"article","og_title":"Livro-","og_description":"\u00c9 de conhecimento geral que um software mal projetado ou mal desenvolvido gera como resultado","og_url":"https:\/\/www.viamais.net\/blog\/livro-programacao-segura-utilizando-php\/","og_site_name":"ViamaisBLOG","article_publisher":"https:\/\/www.facebook.com\/viamais.viablog","article_modified_time":"2008-12-01T15:36:50+00:00","twitter_card":"summary_large_image","twitter_site":"@petterrafael","twitter_misc":{"Est. tempo de leitura":"1 minuto"},"schema":{"@context":"https:\/\/schema.org","@graph":[{"@type":"WebPage","@id":"https:\/\/www.viamais.net\/blog\/livro-programacao-segura-utilizando-php\/","url":"https:\/\/www.viamais.net\/blog\/livro-programacao-segura-utilizando-php\/","name":"Livro-","isPartOf":{"@id":"https:\/\/www.viamais.net\/blog\/#website"},"datePublished":"2007-12-23T12:34:20+00:00","dateModified":"2008-12-01T15:36:50+00:00","breadcrumb":{"@id":"https:\/\/www.viamais.net\/blog\/livro-programacao-segura-utilizando-php\/#breadcrumb"},"inLanguage":"pt-BR","potentialAction":[{"@type":"ReadAction","target":["https:\/\/www.viamais.net\/blog\/livro-programacao-segura-utilizando-php\/"]}]},{"@type":"BreadcrumbList","@id":"https:\/\/www.viamais.net\/blog\/livro-programacao-segura-utilizando-php\/#breadcrumb","itemListElement":[{"@type":"ListItem","position":1,"name":"In\u00edcio","item":"https:\/\/www.viamais.net\/blog\/"},{"@type":"ListItem","position":2,"name":"Livro"}]},{"@type":"WebSite","@id":"https:\/\/www.viamais.net\/blog\/#website","url":"https:\/\/www.viamais.net\/blog\/","name":"ViamaisBLOG","description":"Blog de tecnologia com dicas para melhorar sua internet e as novidades de gadgets e aplicativos.","publisher":{"@id":"https:\/\/www.viamais.net\/blog\/#organization"},"potentialAction":[{"@type":"SearchAction","target":{"@type":"EntryPoint","urlTemplate":"https:\/\/www.viamais.net\/blog\/?s={search_term_string}"},"query-input":{"@type":"PropertyValueSpecification","valueRequired":true,"valueName":"search_term_string"}}],"inLanguage":"pt-BR"},{"@type":"Organization","@id":"https:\/\/www.viamais.net\/blog\/#organization","name":"Viablog","url":"https:\/\/www.viamais.net\/blog\/","logo":{"@type":"ImageObject","inLanguage":"pt-BR","@id":"https:\/\/www.viamais.net\/blog\/#\/schema\/logo\/image\/","url":"https:\/\/i0.wp.com\/www.viamais.net\/blog\/wp-content\/uploads\/2014\/10\/logo_viamais.png?fit=150%2C150&ssl=1","contentUrl":"https:\/\/i0.wp.com\/www.viamais.net\/blog\/wp-content\/uploads\/2014\/10\/logo_viamais.png?fit=150%2C150&ssl=1","width":150,"height":150,"caption":"Viablog"},"image":{"@id":"https:\/\/www.viamais.net\/blog\/#\/schema\/logo\/image\/"},"sameAs":["https:\/\/www.facebook.com\/viamais.viablog","https:\/\/x.com\/petterrafael"]}]}},"jetpack_shortlink":"https:\/\/wp.me\/P5Ih4c-2A","jetpack-related-posts":[],"jetpack_sharing_enabled":true,"jetpack_likes_enabled":false,"_links":{"self":[{"href":"https:\/\/www.viamais.net\/blog\/wp-json\/wp\/v2\/pages\/160","targetHints":{"allow":["GET"]}}],"collection":[{"href":"https:\/\/www.viamais.net\/blog\/wp-json\/wp\/v2\/pages"}],"about":[{"href":"https:\/\/www.viamais.net\/blog\/wp-json\/wp\/v2\/types\/page"}],"author":[{"embeddable":true,"href":"https:\/\/www.viamais.net\/blog\/wp-json\/wp\/v2\/users\/8"}],"replies":[{"embeddable":true,"href":"https:\/\/www.viamais.net\/blog\/wp-json\/wp\/v2\/comments?post=160"}],"version-history":[{"count":0,"href":"https:\/\/www.viamais.net\/blog\/wp-json\/wp\/v2\/pages\/160\/revisions"}],"wp:attachment":[{"href":"https:\/\/www.viamais.net\/blog\/wp-json\/wp\/v2\/media?parent=160"}],"curies":[{"name":"wp","href":"https:\/\/api.w.org\/{rel}","templated":true}]}}