{"id":143,"date":"2007-12-06T09:53:17","date_gmt":"2007-12-06T12:53:17","guid":{"rendered":"http:\/\/www.viamais.net\/blog\/?page_id=143"},"modified":"2008-11-28T13:07:01","modified_gmt":"2008-11-28T16:07:01","slug":"driver-oracle","status":"publish","type":"page","link":"http:\/\/www.viamais.net\/blog\/central-de-downloads\/driver-oracle\/","title":{"rendered":"Driver Oracle"},"content":{"rendered":"<p>Driver de conex\u00e3o fornecido pela pr\u00f3pria <strong>Oracle<\/strong>,\u00a0\u00e9 fundamental a sua utiliza\u00e7\u00e3o para o correto funcionamento do <strong>framework DBConect<\/strong>.<\/p>\n<p><a title=\"Driver Oracle\" href=\"http:\/\/www.oracle.com\/technology\/software\/tech\/java\/sqlj_jdbc\/index.html\" target=\"_blank\">Download<\/a>.<\/p>\n<p>O link para <strong>download<\/strong> \u00e9 da pr\u00f3pria <strong>Oracle<\/strong>.<\/p>\n","protected":false},"excerpt":{"rendered":"<p>Driver de conex\u00e3o fornecido pela pr\u00f3pria Oracle,\u00a0\u00e9 fundamental a sua utiliza\u00e7\u00e3o para o correto funcionamento<\/p>\n","protected":false},"author":8,"featured_media":0,"parent":140,"menu_order":0,"comment_status":"closed","ping_status":"open","template":"","meta":{"jetpack_post_was_ever_published":false,"footnotes":""},"class_list":["post-143","page","type-page","status-publish","hentry"],"yoast_head":"<!-- This site is optimized with the Yoast SEO plugin v27.4 - https:\/\/yoast.com\/product\/yoast-seo-wordpress\/ -->\n<title>Driver Oracle-<\/title>\n<meta name=\"robots\" content=\"index, follow, max-snippet:-1, max-image-preview:large, max-video-preview:-1\" \/>\n<link rel=\"canonical\" href=\"https:\/\/www.viamais.net\/blog\/central-de-downloads\/driver-oracle\/\" \/>\n<meta property=\"og:locale\" content=\"pt_BR\" \/>\n<meta property=\"og:type\" content=\"article\" \/>\n<meta property=\"og:title\" content=\"Driver Oracle-\" \/>\n<meta property=\"og:description\" content=\"Driver de conex\u00e3o fornecido pela pr\u00f3pria Oracle,\u00a0\u00e9 fundamental a sua utiliza\u00e7\u00e3o para o correto funcionamento\" \/>\n<meta property=\"og:url\" content=\"https:\/\/www.viamais.net\/blog\/central-de-downloads\/driver-oracle\/\" \/>\n<meta property=\"og:site_name\" content=\"ViamaisBLOG\" \/>\n<meta property=\"article:publisher\" content=\"https:\/\/www.facebook.com\/viamais.viablog\" \/>\n<meta property=\"article:modified_time\" content=\"2008-11-28T16:07:01+00:00\" \/>\n<meta name=\"twitter:card\" content=\"summary_large_image\" \/>\n<meta name=\"twitter:site\" content=\"@petterrafael\" \/>\n<script type=\"application\/ld+json\" class=\"yoast-schema-graph\">{\"@context\":\"https:\\\/\\\/schema.org\",\"@graph\":[{\"@type\":\"WebPage\",\"@id\":\"https:\\\/\\\/www.viamais.net\\\/blog\\\/central-de-downloads\\\/driver-oracle\\\/\",\"url\":\"https:\\\/\\\/www.viamais.net\\\/blog\\\/central-de-downloads\\\/driver-oracle\\\/\",\"name\":\"Driver Oracle-\",\"isPartOf\":{\"@id\":\"https:\\\/\\\/www.viamais.net\\\/blog\\\/#website\"},\"datePublished\":\"2007-12-06T12:53:17+00:00\",\"dateModified\":\"2008-11-28T16:07:01+00:00\",\"breadcrumb\":{\"@id\":\"https:\\\/\\\/www.viamais.net\\\/blog\\\/central-de-downloads\\\/driver-oracle\\\/#breadcrumb\"},\"inLanguage\":\"pt-BR\",\"potentialAction\":[{\"@type\":\"ReadAction\",\"target\":[\"https:\\\/\\\/www.viamais.net\\\/blog\\\/central-de-downloads\\\/driver-oracle\\\/\"]}]},{\"@type\":\"BreadcrumbList\",\"@id\":\"https:\\\/\\\/www.viamais.net\\\/blog\\\/central-de-downloads\\\/driver-oracle\\\/#breadcrumb\",\"itemListElement\":[{\"@type\":\"ListItem\",\"position\":1,\"name\":\"In\u00edcio\",\"item\":\"https:\\\/\\\/www.viamais.net\\\/blog\\\/\"},{\"@type\":\"ListItem\",\"position\":2,\"name\":\"Downloads\",\"item\":\"https:\\\/\\\/www.viamais.net\\\/blog\\\/central-de-downloads\\\/\"},{\"@type\":\"ListItem\",\"position\":3,\"name\":\"Driver Oracle\"}]},{\"@type\":\"WebSite\",\"@id\":\"https:\\\/\\\/www.viamais.net\\\/blog\\\/#website\",\"url\":\"https:\\\/\\\/www.viamais.net\\\/blog\\\/\",\"name\":\"ViamaisBLOG\",\"description\":\"Blog de tecnologia com dicas para melhorar sua internet e as novidades de gadgets e aplicativos.\",\"publisher\":{\"@id\":\"https:\\\/\\\/www.viamais.net\\\/blog\\\/#organization\"},\"potentialAction\":[{\"@type\":\"SearchAction\",\"target\":{\"@type\":\"EntryPoint\",\"urlTemplate\":\"https:\\\/\\\/www.viamais.net\\\/blog\\\/?s={search_term_string}\"},\"query-input\":{\"@type\":\"PropertyValueSpecification\",\"valueRequired\":true,\"valueName\":\"search_term_string\"}}],\"inLanguage\":\"pt-BR\"},{\"@type\":\"Organization\",\"@id\":\"https:\\\/\\\/www.viamais.net\\\/blog\\\/#organization\",\"name\":\"Viablog\",\"url\":\"https:\\\/\\\/www.viamais.net\\\/blog\\\/\",\"logo\":{\"@type\":\"ImageObject\",\"inLanguage\":\"pt-BR\",\"@id\":\"https:\\\/\\\/www.viamais.net\\\/blog\\\/#\\\/schema\\\/logo\\\/image\\\/\",\"url\":\"https:\\\/\\\/i0.wp.com\\\/www.viamais.net\\\/blog\\\/wp-content\\\/uploads\\\/2014\\\/10\\\/logo_viamais.png?fit=150%2C150&ssl=1\",\"contentUrl\":\"https:\\\/\\\/i0.wp.com\\\/www.viamais.net\\\/blog\\\/wp-content\\\/uploads\\\/2014\\\/10\\\/logo_viamais.png?fit=150%2C150&ssl=1\",\"width\":150,\"height\":150,\"caption\":\"Viablog\"},\"image\":{\"@id\":\"https:\\\/\\\/www.viamais.net\\\/blog\\\/#\\\/schema\\\/logo\\\/image\\\/\"},\"sameAs\":[\"https:\\\/\\\/www.facebook.com\\\/viamais.viablog\",\"https:\\\/\\\/x.com\\\/petterrafael\"]}]}<\/script>\n<!-- \/ Yoast SEO plugin. -->","yoast_head_json":{"title":"Driver Oracle-","robots":{"index":"index","follow":"follow","max-snippet":"max-snippet:-1","max-image-preview":"max-image-preview:large","max-video-preview":"max-video-preview:-1"},"canonical":"https:\/\/www.viamais.net\/blog\/central-de-downloads\/driver-oracle\/","og_locale":"pt_BR","og_type":"article","og_title":"Driver Oracle-","og_description":"Driver de conex\u00e3o fornecido pela pr\u00f3pria Oracle,\u00a0\u00e9 fundamental a sua utiliza\u00e7\u00e3o para o correto funcionamento","og_url":"https:\/\/www.viamais.net\/blog\/central-de-downloads\/driver-oracle\/","og_site_name":"ViamaisBLOG","article_publisher":"https:\/\/www.facebook.com\/viamais.viablog","article_modified_time":"2008-11-28T16:07:01+00:00","twitter_card":"summary_large_image","twitter_site":"@petterrafael","schema":{"@context":"https:\/\/schema.org","@graph":[{"@type":"WebPage","@id":"https:\/\/www.viamais.net\/blog\/central-de-downloads\/driver-oracle\/","url":"https:\/\/www.viamais.net\/blog\/central-de-downloads\/driver-oracle\/","name":"Driver Oracle-","isPartOf":{"@id":"https:\/\/www.viamais.net\/blog\/#website"},"datePublished":"2007-12-06T12:53:17+00:00","dateModified":"2008-11-28T16:07:01+00:00","breadcrumb":{"@id":"https:\/\/www.viamais.net\/blog\/central-de-downloads\/driver-oracle\/#breadcrumb"},"inLanguage":"pt-BR","potentialAction":[{"@type":"ReadAction","target":["https:\/\/www.viamais.net\/blog\/central-de-downloads\/driver-oracle\/"]}]},{"@type":"BreadcrumbList","@id":"https:\/\/www.viamais.net\/blog\/central-de-downloads\/driver-oracle\/#breadcrumb","itemListElement":[{"@type":"ListItem","position":1,"name":"In\u00edcio","item":"https:\/\/www.viamais.net\/blog\/"},{"@type":"ListItem","position":2,"name":"Downloads","item":"https:\/\/www.viamais.net\/blog\/central-de-downloads\/"},{"@type":"ListItem","position":3,"name":"Driver Oracle"}]},{"@type":"WebSite","@id":"https:\/\/www.viamais.net\/blog\/#website","url":"https:\/\/www.viamais.net\/blog\/","name":"ViamaisBLOG","description":"Blog de tecnologia com dicas para melhorar sua internet e as novidades de gadgets e aplicativos.","publisher":{"@id":"https:\/\/www.viamais.net\/blog\/#organization"},"potentialAction":[{"@type":"SearchAction","target":{"@type":"EntryPoint","urlTemplate":"https:\/\/www.viamais.net\/blog\/?s={search_term_string}"},"query-input":{"@type":"PropertyValueSpecification","valueRequired":true,"valueName":"search_term_string"}}],"inLanguage":"pt-BR"},{"@type":"Organization","@id":"https:\/\/www.viamais.net\/blog\/#organization","name":"Viablog","url":"https:\/\/www.viamais.net\/blog\/","logo":{"@type":"ImageObject","inLanguage":"pt-BR","@id":"https:\/\/www.viamais.net\/blog\/#\/schema\/logo\/image\/","url":"https:\/\/i0.wp.com\/www.viamais.net\/blog\/wp-content\/uploads\/2014\/10\/logo_viamais.png?fit=150%2C150&ssl=1","contentUrl":"https:\/\/i0.wp.com\/www.viamais.net\/blog\/wp-content\/uploads\/2014\/10\/logo_viamais.png?fit=150%2C150&ssl=1","width":150,"height":150,"caption":"Viablog"},"image":{"@id":"https:\/\/www.viamais.net\/blog\/#\/schema\/logo\/image\/"},"sameAs":["https:\/\/www.facebook.com\/viamais.viablog","https:\/\/x.com\/petterrafael"]}]}},"jetpack_shortlink":"https:\/\/wp.me\/P5Ih4c-2j","jetpack-related-posts":[{"id":141,"url":"http:\/\/www.viamais.net\/blog\/central-de-downloads\/dbconect\/","url_meta":{"origin":143,"position":0},"title":"DBConect","author":"matrix","date":"06\/12\/2007","format":false,"excerpt":"Esse \u00e9 uma pequeno framework que tem o objetivo de padronizar e facilitar a conex\u00e3o com o banco de dados Oracle e MySQL (suporta as vers\u00f5es 9.x, 10.x, Express - XE e MySQL). Al\u00e9m de facilitar a conex\u00e3o tamb\u00e9m suporta abstra\u00e7\u00e3o de select\u00b4s, insert\u00b4s e update\u00b4s al\u00e9m de chamadas a\u2026","rel":"","context":"Em &quot;Diversos&quot;","block_context":{"text":"Diversos","link":"http:\/\/www.viamais.net\/blog\/category\/diversos\/"},"img":{"alt_text":"","src":"","width":0,"height":0},"classes":[]},{"id":140,"url":"http:\/\/www.viamais.net\/blog\/central-de-downloads\/","url_meta":{"origin":143,"position":1},"title":"Downloads","author":"matrix","date":"06\/12\/2007","format":false,"excerpt":"Aqui na central de downloads ser\u00e1 poss\u00ed\u00advel encontrar softwares desenvolvidos pela equipe de desenvolvimento da Viamais Web Intelligence, ser\u00e3o softwares destinados a servirem de ferramentas ou ainda framework de trabalho para outros projetos. Todos os softwares contidos aqui s\u00e3o de uso livre e sem nenhum custo. DBConect: pequeno framework destinado\u2026","rel":"","context":"Em &quot;Diversos&quot;","block_context":{"text":"Diversos","link":"http:\/\/www.viamais.net\/blog\/category\/diversos\/"},"img":{"alt_text":"","src":"","width":0,"height":0},"classes":[]},{"id":223,"url":"http:\/\/www.viamais.net\/blog\/central-de-downloads\/driver-mysql\/","url_meta":{"origin":143,"position":2},"title":"Driver MySQL","author":"matrix","date":"03\/04\/2008","format":false,"excerpt":"Driver de conex\u00e3o fornecido pela pr\u00f3pria MYSQL AB, \u00e9 fundamental a sua utiliza\u00e7\u00e3o para o correto funcionamento do framework DBConect. Download. O link para download \u00e9 da pr\u00f3pria MySQL.","rel":"","context":"Em &quot;Tecnologia&quot;","block_context":{"text":"Tecnologia","link":"http:\/\/www.viamais.net\/blog\/category\/tecnologia\/"},"img":{"alt_text":"","src":"","width":0,"height":0},"classes":[]},{"id":142,"url":"http:\/\/www.viamais.net\/blog\/central-de-downloads\/documentacao-dbconect\/","url_meta":{"origin":143,"position":3},"title":"Documenta\u00e7\u00e3o DBConect","author":"matrix","date":"06\/12\/2007","format":false,"excerpt":"Documenta\u00e7\u00e3o completa do DBConect em padr\u00e3o Javadoc para a equipe de desenvolvimento, permite uma vis\u00e3o geral das implementa\u00e7\u00f5es do framework e suas caracter\u00ed\u00adsticas. Atualizado: atualizada a documenta\u00e7\u00e3o em conformidade com a vers\u00e3o 0.8. Download.","rel":"","context":"Em &quot;Diversos&quot;","block_context":{"text":"Diversos","link":"http:\/\/www.viamais.net\/blog\/category\/diversos\/"},"img":{"alt_text":"","src":"","width":0,"height":0},"classes":[]}],"jetpack_sharing_enabled":true,"jetpack_likes_enabled":false,"_links":{"self":[{"href":"http:\/\/www.viamais.net\/blog\/wp-json\/wp\/v2\/pages\/143","targetHints":{"allow":["GET"]}}],"collection":[{"href":"http:\/\/www.viamais.net\/blog\/wp-json\/wp\/v2\/pages"}],"about":[{"href":"http:\/\/www.viamais.net\/blog\/wp-json\/wp\/v2\/types\/page"}],"author":[{"embeddable":true,"href":"http:\/\/www.viamais.net\/blog\/wp-json\/wp\/v2\/users\/8"}],"replies":[{"embeddable":true,"href":"http:\/\/www.viamais.net\/blog\/wp-json\/wp\/v2\/comments?post=143"}],"version-history":[{"count":0,"href":"http:\/\/www.viamais.net\/blog\/wp-json\/wp\/v2\/pages\/143\/revisions"}],"up":[{"embeddable":true,"href":"http:\/\/www.viamais.net\/blog\/wp-json\/wp\/v2\/pages\/140"}],"wp:attachment":[{"href":"http:\/\/www.viamais.net\/blog\/wp-json\/wp\/v2\/media?parent=143"}],"curies":[{"name":"wp","href":"https:\/\/api.w.org\/{rel}","templated":true}]}}